{"id":10,"date":"2025-04-14T10:17:28","date_gmt":"2025-04-14T08:17:28","guid":{"rendered":"https:\/\/persea.sk\/?page_id=10"},"modified":"2025-09-10T15:21:58","modified_gmt":"2025-09-10T13:21:58","slug":"referencie","status":"publish","type":"page","link":"https:\/\/persea.sk\/en\/referencie\/","title":{"rendered":"Our Clients"},"content":{"rendered":"<p><\/p>\n<h2><span class=\"HwtZe\" lang=\"en\"><span class=\"jCAhz ChMk0b\"><span class=\"ryNqvb\">We have collaborated with<\/span><\/span><\/span><\/h2>\n<p><strong><span class=\"HwtZe\" lang=\"en\"><span class=\"jCAhz ChMk0b\"><span class=\"ryNqvb\">Persea&#8217;s team of consultants has provided services to the following companies:<\/span><\/span><\/span><\/strong><\/p>\n<p>&nbsp;<\/p>\n<div class=\"margin2x\">\n<div class=\"m-12 l-4\">\n<p>Across Wealth Management ocp a.s.<br \/>\nActavis, s.r.o.<br \/>\nAllergan SK, s.r.o.<br \/>\nAmgen Slovakia s.r.o.<br \/>\nAnasoft APR, s.r.o.<br \/>\nAstellas Pharma, s.r.o.<br \/>\nAstraZeneca AB, o.z.<br \/>\nAvocat s.r.o.<br \/>\nBSH dom\u00e1c\u00ed spot\u0159ebi\u010de s.r.o.<br \/>\nCertima, s.r.o.<br \/>\n\u010ceskoslovensk\u00e1 obchodn\u00e1 banka, a.s.<br \/>\n\u010cSOB Leasing, a.s.<br \/>\n\u010cSOB Pois\u0165ov\u0148a, a.s.<br \/>\n\u010cSOB Stavebn\u00e1 sporite\u013e\u0148a, a.s.<br \/>\nCord Blood Center s.r.o.<br \/>\nDatacon, s.r.o.<br \/>\nEHATAX s.r.o.Euroline Slovakia, s.r.o.<br \/>\nFerring Farmaceuticals SA, o.z. SlovakiaGA Drilling, a.s.<br \/>\nGlaxoSmithKline Slovakia, s.r.o.<br \/>\nHB Reavis Slovakia a.s.<br \/>\nHealth promotion, s.r.o.<br \/>\nHerz, s.r.o.<br \/>\nHella Lighting Slovakia, s.r.o.<br \/>\nHRIVIS holding, s.r.o.<\/p>\n<\/div>\n<div class=\"m-12 l-4\">\n<p>Hospimed \u2013 Slovakia, s.r.o.<br \/>\nHumanfield (IND Group Slovakia, Zuno Bank)<br \/>\nImperial Tobacco Slovakia, a.s.<br \/>\nKooperativa pois\u0165ov\u0148a, a.s.<br \/>\nKuehne + Nagel, s.r.o.<br \/>\nMeditrade s.r.o.<br \/>\nMEDOCHEMIE LTD o.z. pre SR<br \/>\nNAOS SLOVAKIA s.r.o. (Bioderma)<br \/>\nNESS Slovensko, a.s.<br \/>\nNestl\u00e9 Slovensko, s.r.o.<br \/>\nNN \u017divotn\u00e1 pois\u0165ov\u0148a, a.s.<br \/>\nN \u2013 Point s.r.o.<br \/>\nNovartis Slovakia s.r.o.<br \/>\nOMW Slovensko s.r.o.<br \/>\nOrganon Slovakia, s.r.o.<br \/>\nPhoenix zdravotn\u00edcke z\u00e1sobovanie, a.s.<br \/>\nPOLLEO PARTNERS, s.r.o.<br \/>\nPo\u0161tov\u00e1 banka, a.s.<br \/>\nPraktick\u00e1 ambulancia, s.r.o.<br \/>\nPrima banka Slovensko, a. s.<br \/>\nPrivatbanka, a.s.<br \/>\nPROCAM \u2013 Software, Systems &amp; Services k.s<br \/>\nPrv\u00e1 stavebn\u00e1 sporite\u013e\u0148a, a.s.<br \/>\nRand Technologies, s.r.o.<br \/>\nRegional Card Processing Centre, s.r.o.<\/p>\n<\/div>\n<div class=\"m-12 l-4\">\n<p>Roche Slovensko, s.r.o.<br \/>\nRoyal Canin Czech &amp; Slovak Republics s.r.o.<br \/>\nSandoz d.d. \u2013 organiza\u010dn\u00e1 zlo\u017eka<br \/>\nSanofi \u2013 Zentiva, a.s.<br \/>\nSanten OY<br \/>\nSberbank Slovensko, a. s.<br \/>\nServier Slovensko, s.r.o.<br \/>\nSEW-EURODRIVE SK s.r.o.<br \/>\nSlovensk\u00e1 sporite\u013e\u0148a, a.s.<br \/>\nSlovensk\u00e1 technick\u00e1 univerzita<br \/>\nSlovnaft, a.s.<br \/>\nSoftec, s.r.o.<br \/>\nStrechy VG<br \/>\nSUNLIGHT medical systems, s.r.o.<br \/>\nTEVA Pharmaceuticals Slovakia, s.r.o.<br \/>\nTMF Services Slovakia s.r.o.<br \/>\nUniCredit Bank Slovakia, a.s.<br \/>\nValeant Slovakia s.r.o.<br \/>\nWebcom-Istro, s.r.o.<br \/>\nWolf Slovensk\u00e1 republika s.r.o.<br \/>\nW\u00fcrth International Trading, s.r.o.<br \/>\nXantis Pharma s.r.o.<\/p>\n<\/div>\n<\/div>\n<p><\/p>","protected":false},"excerpt":{"rendered":"We have collaborated with Persea&#8217;s team of consultants has provided services to the following companies: &nbsp; Across Wealth Management ocp a.s. Actavis, s.r.o. Allergan SK, s.r.o. Amgen Slovakia s.r.o. Anasoft APR, s.r.o. Astellas Pharma, s.r.o. AstraZeneca AB, o.z. Avocat s.r.o. BSH dom\u00e1c\u00ed spot\u0159ebi\u010de s.r.o. Certima, s.r.o. \u010ceskoslovensk\u00e1 obchodn\u00e1 banka, a.s. \u010cSOB Leasing, a.s. \u010cSOB Pois\u0165ov\u0148a, [&hellip;]\n","protected":false},"author":1,"featured_media":65,"parent":0,"menu_order":0,"comment_status":"closed","ping_status":"closed","template":"referencie-template.php","meta":{"_acf_changed":false,"footnotes":""},"class_list":["post-10","page","type-page","status-publish","has-post-thumbnail","hentry"],"acf":[],"yoast_head":"<!-- This site is optimized with the Yoast SEO plugin v25.9 - https:\/\/yoast.com\/wordpress\/plugins\/seo\/ -->\n<title>Our Clients - Persea<\/title>\n<meta name=\"robots\" content=\"index, follow, max-snippet:-1, max-image-preview:large, max-video-preview:-1\" \/>\n<link rel=\"canonical\" href=\"https:\/\/persea.sk\/en\/referencie\/\" \/>\n<meta property=\"og:locale\" content=\"en_US\" \/>\n<meta property=\"og:type\" content=\"article\" \/>\n<meta property=\"og:title\" content=\"Our Clients - Persea\" \/>\n<meta property=\"og:description\" content=\"We have collaborated with Persea&#8217;s team of consultants has provided services to the following companies: &nbsp; Across Wealth Management ocp a.s. Actavis, s.r.o. Allergan SK, s.r.o. Amgen Slovakia s.r.o. Anasoft APR, s.r.o. Astellas Pharma, s.r.o. AstraZeneca AB, o.z. Avocat s.r.o. BSH dom\u00e1c\u00ed spot\u0159ebi\u010de s.r.o. Certima, s.r.o. \u010ceskoslovensk\u00e1 obchodn\u00e1 banka, a.s. \u010cSOB Leasing, a.s. \u010cSOB Pois\u0165ov\u0148a, [&hellip;]\" \/>\n<meta property=\"og:url\" content=\"https:\/\/persea.sk\/en\/referencie\/\" \/>\n<meta property=\"og:site_name\" content=\"Persea\" \/>\n<meta property=\"article:modified_time\" content=\"2025-09-10T13:21:58+00:00\" \/>\n<meta property=\"og:image\" content=\"https:\/\/persea.sk\/wp-content\/uploads\/2025\/04\/podstranka.jpg\" \/>\n\t<meta property=\"og:image:width\" content=\"2000\" \/>\n\t<meta property=\"og:image:height\" content=\"822\" \/>\n\t<meta property=\"og:image:type\" content=\"image\/jpeg\" \/>\n<meta name=\"twitter:card\" content=\"summary_large_image\" \/>\n<meta name=\"twitter:label1\" content=\"Est. reading time\" \/>\n\t<meta name=\"twitter:data1\" content=\"2 minutes\" \/>\n<script type=\"application\/ld+json\" class=\"yoast-schema-graph\">{\"@context\":\"https:\/\/schema.org\",\"@graph\":[{\"@type\":\"WebPage\",\"@id\":\"https:\/\/persea.sk\/en\/referencie\/\",\"url\":\"https:\/\/persea.sk\/en\/referencie\/\",\"name\":\"Our Clients - Persea\",\"isPartOf\":{\"@id\":\"https:\/\/persea.sk\/en\/#website\"},\"primaryImageOfPage\":{\"@id\":\"https:\/\/persea.sk\/en\/referencie\/#primaryimage\"},\"image\":{\"@id\":\"https:\/\/persea.sk\/referencie\/#primaryimage\"},\"thumbnailUrl\":\"https:\/\/persea.sk\/wp-content\/uploads\/2025\/04\/podstranka.jpg\",\"datePublished\":\"2025-04-14T08:17:28+00:00\",\"dateModified\":\"2025-09-10T13:21:58+00:00\",\"breadcrumb\":{\"@id\":\"https:\/\/persea.sk\/en\/referencie\/#breadcrumb\"},\"inLanguage\":\"en-US\",\"potentialAction\":[{\"@type\":\"ReadAction\",\"target\":[[\"https:\/\/persea.sk\/en\/referencie\/\"]]}]},{\"@type\":\"ImageObject\",\"inLanguage\":\"en-US\",\"@id\":\"https:\/\/persea.sk\/en\/referencie\/#primaryimage\",\"url\":\"https:\/\/persea.sk\/wp-content\/uploads\/2025\/04\/podstranka.jpg\",\"contentUrl\":\"https:\/\/persea.sk\/wp-content\/uploads\/2025\/04\/podstranka.jpg\",\"width\":2000,\"height\":822},{\"@type\":\"BreadcrumbList\",\"@id\":\"https:\/\/persea.sk\/en\/referencie\/#breadcrumb\",\"itemListElement\":[{\"@type\":\"ListItem\",\"position\":1,\"name\":\"Home\",\"item\":\"https:\/\/persea.sk\/en\/\"},{\"@type\":\"ListItem\",\"position\":2,\"name\":\"Na\u0161i klienti\"}]},{\"@type\":\"WebSite\",\"@id\":\"https:\/\/persea.sk\/en\/#website\",\"url\":\"https:\/\/persea.sk\/en\/\",\"name\":\"Persea\",\"description\":\"\",\"potentialAction\":[{\"@type\":\"SearchAction\",\"target\":{\"@type\":\"EntryPoint\",\"urlTemplate\":\"https:\/\/persea.sk\/en\/?s={search_term_string}\"},\"query-input\":{\"@type\":\"PropertyValueSpecification\",\"valueRequired\":true,\"valueName\":\"search_term_string\"}}],\"inLanguage\":\"en-US\"}]}<\/script>\n<!-- \/ Yoast SEO plugin. -->","yoast_head_json":{"title":"Our Clients - Persea","robots":{"index":"index","follow":"follow","max-snippet":"max-snippet:-1","max-image-preview":"max-image-preview:large","max-video-preview":"max-video-preview:-1"},"canonical":"https:\/\/persea.sk\/en\/referencie\/","og_locale":"en_US","og_type":"article","og_title":"Our Clients - Persea","og_description":"We have collaborated with Persea&#8217;s team of consultants has provided services to the following companies: &nbsp; Across Wealth Management ocp a.s. Actavis, s.r.o. Allergan SK, s.r.o. Amgen Slovakia s.r.o. Anasoft APR, s.r.o. Astellas Pharma, s.r.o. AstraZeneca AB, o.z. Avocat s.r.o. BSH dom\u00e1c\u00ed spot\u0159ebi\u010de s.r.o. Certima, s.r.o. \u010ceskoslovensk\u00e1 obchodn\u00e1 banka, a.s. \u010cSOB Leasing, a.s. \u010cSOB Pois\u0165ov\u0148a, [&hellip;]","og_url":"https:\/\/persea.sk\/en\/referencie\/","og_site_name":"Persea","article_modified_time":"2025-09-10T13:21:58+00:00","og_image":[{"width":2000,"height":822,"url":"https:\/\/persea.sk\/wp-content\/uploads\/2025\/04\/podstranka.jpg","type":"image\/jpeg"}],"twitter_card":"summary_large_image","twitter_misc":{"Est. reading time":"2 minutes"},"schema":{"@context":"https:\/\/schema.org","@graph":[{"@type":"WebPage","@id":"https:\/\/persea.sk\/en\/referencie\/","url":"https:\/\/persea.sk\/en\/referencie\/","name":"Our Clients - Persea","isPartOf":{"@id":"https:\/\/persea.sk\/en\/#website"},"primaryImageOfPage":{"@id":"https:\/\/persea.sk\/en\/referencie\/#primaryimage"},"image":{"@id":"https:\/\/persea.sk\/referencie\/#primaryimage"},"thumbnailUrl":"https:\/\/persea.sk\/wp-content\/uploads\/2025\/04\/podstranka.jpg","datePublished":"2025-04-14T08:17:28+00:00","dateModified":"2025-09-10T13:21:58+00:00","breadcrumb":{"@id":"https:\/\/persea.sk\/en\/referencie\/#breadcrumb"},"inLanguage":"en-US","potentialAction":[{"@type":"ReadAction","target":[["https:\/\/persea.sk\/en\/referencie\/"]]}]},{"@type":"ImageObject","inLanguage":"en-US","@id":"https:\/\/persea.sk\/en\/referencie\/#primaryimage","url":"https:\/\/persea.sk\/wp-content\/uploads\/2025\/04\/podstranka.jpg","contentUrl":"https:\/\/persea.sk\/wp-content\/uploads\/2025\/04\/podstranka.jpg","width":2000,"height":822},{"@type":"BreadcrumbList","@id":"https:\/\/persea.sk\/en\/referencie\/#breadcrumb","itemListElement":[{"@type":"ListItem","position":1,"name":"Home","item":"https:\/\/persea.sk\/en\/"},{"@type":"ListItem","position":2,"name":"Na\u0161i klienti"}]},{"@type":"WebSite","@id":"https:\/\/persea.sk\/en\/#website","url":"https:\/\/persea.sk\/en\/","name":"Persea","description":"","potentialAction":[{"@type":"SearchAction","target":{"@type":"EntryPoint","urlTemplate":"https:\/\/persea.sk\/en\/?s={search_term_string}"},"query-input":{"@type":"PropertyValueSpecification","valueRequired":true,"valueName":"search_term_string"}}],"inLanguage":"en-US"}]}},"_links":{"self":[{"href":"https:\/\/persea.sk\/en\/wp-json\/wp\/v2\/pages\/10","targetHints":{"allow":["GET"]}}],"collection":[{"href":"https:\/\/persea.sk\/en\/wp-json\/wp\/v2\/pages"}],"about":[{"href":"https:\/\/persea.sk\/en\/wp-json\/wp\/v2\/types\/page"}],"author":[{"embeddable":true,"href":"https:\/\/persea.sk\/en\/wp-json\/wp\/v2\/users\/1"}],"replies":[{"embeddable":true,"href":"https:\/\/persea.sk\/en\/wp-json\/wp\/v2\/comments?post=10"}],"version-history":[{"count":10,"href":"https:\/\/persea.sk\/en\/wp-json\/wp\/v2\/pages\/10\/revisions"}],"predecessor-version":[{"id":96,"href":"https:\/\/persea.sk\/en\/wp-json\/wp\/v2\/pages\/10\/revisions\/96"}],"wp:featuredmedia":[{"embeddable":true,"href":"https:\/\/persea.sk\/en\/wp-json\/wp\/v2\/media\/65"}],"wp:attachment":[{"href":"https:\/\/persea.sk\/en\/wp-json\/wp\/v2\/media?parent=10"}],"curies":[{"name":"wp","href":"https:\/\/api.w.org\/{rel}","templated":true}]}}